{"id":2783,"date":"2021-12-02T09:01:26","date_gmt":"2021-12-02T09:01:26","guid":{"rendered":"https:\/\/www.tool4seller.com\/de\/?page_id=2783"},"modified":"2024-07-02T09:24:17","modified_gmt":"2024-07-02T09:24:17","slug":"contact-support-2","status":"publish","type":"page","link":"https:\/\/www.tool4seller.com\/de\/contact-support.html","title":{"rendered":"Contact Support"},"content":{"rendered":"\t\t<div data-elementor-type=\"wp-page\" data-elementor-id=\"2783\" class=\"elementor elementor-2783\" data-elementor-settings=\"{&quot;element_pack_global_tooltip_width&quot;:{&quot;unit&quot;:&quot;px&quot;,&quot;size&quot;:&quot;&quot;,&quot;sizes&quot;:[]},&quot;element_pack_global_tooltip_width_tablet&quot;:{&quot;unit&quot;:&quot;px&quot;,&quot;size&quot;:&quot;&quot;,&quot;sizes&quot;:[]},&quot;element_pack_global_tooltip_width_mobile&quot;:{&quot;unit&quot;:&quot;px&quot;,&quot;size&quot;:&quot;&quot;,&quot;sizes&quot;:[]},&quot;element_pack_global_tooltip_padding&quot;:{&quot;unit&quot;:&quot;px&quot;,&quot;top&quot;:&quot;&quot;,&quot;right&quot;:&quot;&quot;,&quot;bottom&quot;:&quot;&quot;,&quot;left&quot;:&quot;&quot;,&quot;isLinked&quot;:true},&quot;element_pack_global_tooltip_padding_tablet&quot;:{&quot;unit&quot;:&quot;px&quot;,&quot;top&quot;:&quot;&quot;,&quot;right&quot;:&quot;&quot;,&quot;bottom&quot;:&quot;&quot;,&quot;left&quot;:&quot;&quot;,&quot;isLinked&quot;:true},&quot;element_pack_global_tooltip_padding_mobile&quot;:{&quot;unit&quot;:&quot;px&quot;,&quot;top&quot;:&quot;&quot;,&quot;right&quot;:&quot;&quot;,&quot;bottom&quot;:&quot;&quot;,&quot;left&quot;:&quot;&quot;,&quot;isLinked&quot;:true},&quot;element_pack_global_tooltip_border_radius&quot;:{&quot;unit&quot;:&quot;px&quot;,&quot;top&quot;:&quot;&quot;,&quot;right&quot;:&quot;&quot;,&quot;bottom&quot;:&quot;&quot;,&quot;left&quot;:&quot;&quot;,&quot;isLinked&quot;:true},&quot;element_pack_global_tooltip_border_radius_tablet&quot;:{&quot;unit&quot;:&quot;px&quot;,&quot;top&quot;:&quot;&quot;,&quot;right&quot;:&quot;&quot;,&quot;bottom&quot;:&quot;&quot;,&quot;left&quot;:&quot;&quot;,&quot;isLinked&quot;:true},&quot;element_pack_global_tooltip_border_radius_mobile&quot;:{&quot;unit&quot;:&quot;px&quot;,&quot;top&quot;:&quot;&quot;,&quot;right&quot;:&quot;&quot;,&quot;bottom&quot;:&quot;&quot;,&quot;left&quot;:&quot;&quot;,&quot;isLinked&quot;:true}}\" data-elementor-post-type=\"page\">\n\t\t\t\t\t\t<section class=\"elementor-section elementor-top-section elementor-element elementor-element-8670590 elementor-section-boxed elementor-section-height-default elementor-section-height-default\" data-id=\"8670590\" data-element_type=\"section\" data-settings=\"{&quot;background_background&quot;:&quot;classic&quot;}\">\n\t\t\t\t\t\t<div class=\"elementor-container elementor-column-gap-default\">\n\t\t\t\t\t<div class=\"elementor-column elementor-col-50 elementor-top-column elementor-element elementor-element-0baf7be\" data-id=\"0baf7be\" data-element_type=\"column\">\n\t\t\t<div class=\"elementor-widget-wrap elementor-element-populated\">\n\t\t\t\t\t\t<div class=\"elementor-element elementor-element-46f70d9 animated-fast elementor-invisible elementor-widget elementor-widget-heading\" data-id=\"46f70d9\" data-element_type=\"widget\" data-settings=\"{&quot;_animation&quot;:&quot;fadeInUp&quot;}\" data-widget_type=\"heading.default\">\n\t\t\t\t<div class=\"elementor-widget-container\">\n\t\t\t\t\t<h5 class=\"elementor-heading-title elementor-size-default\">Kontaktieren Sie uns:<\/h5>\t\t\t\t<\/div>\n\t\t\t\t<\/div>\n\t\t\t\t<div class=\"elementor-element elementor-element-0609c09 animated-fast elementor-invisible elementor-widget elementor-widget-heading\" data-id=\"0609c09\" data-element_type=\"widget\" data-settings=\"{&quot;_animation&quot;:&quot;fadeInUp&quot;,&quot;_animation_delay&quot;:100}\" data-widget_type=\"heading.default\">\n\t\t\t\t<div class=\"elementor-widget-container\">\n\t\t\t\t\t<h2 class=\"elementor-heading-title elementor-size-default\">Tool4seller m\u00f6chte Verk\u00e4ufern dabei helfen, ein erfolgreiches Gesch\u00e4ft auf Amazon aufzubauen.<\/h2>\t\t\t\t<\/div>\n\t\t\t\t<\/div>\n\t\t\t\t<div class=\"elementor-element elementor-element-d73e332 animated-fast elementor-invisible elementor-widget elementor-widget-text-editor\" data-id=\"d73e332\" data-element_type=\"widget\" data-settings=\"{&quot;_animation&quot;:&quot;fadeInUp&quot;,&quot;_animation_delay&quot;:200}\" data-widget_type=\"text-editor.default\">\n\t\t\t\t<div class=\"elementor-widget-container\">\n\t\t\t\t\t\t\t\t\t<p>Je mehr Details Sie uns geben k\u00f6nnen, desto besser k\u00f6nnen wir Ihnen helfen.<\/p>\t\t\t\t\t\t\t\t<\/div>\n\t\t\t\t<\/div>\n\t\t\t\t<div class=\"elementor-element elementor-element-1459b89 elementor-widget__width-initial elementor-invisible elementor-widget elementor-widget-image\" data-id=\"1459b89\" data-element_type=\"widget\" data-settings=\"{&quot;_animation&quot;:&quot;fadeInUp&quot;}\" data-widget_type=\"image.default\">\n\t\t\t\t<div class=\"elementor-widget-container\">\n\t\t\t\t\t\t\t\t\t\t\t\t\t\t\t<img fetchpriority=\"high\" decoding=\"async\" width=\"500\" height=\"500\" src=\"https:\/\/www.tool4seller.com\/de\/wp-content\/uploads\/sites\/6\/2021\/12\/Sent-messages-_Flatline.png\" class=\"attachment-large size-large wp-image-3189\" alt=\"\" \/>\t\t\t\t\t\t\t\t\t\t\t\t\t\t\t<\/div>\n\t\t\t\t<\/div>\n\t\t\t\t<div class=\"elementor-element elementor-element-3e31196 elementor-invisible elementor-widget elementor-widget-text-editor\" data-id=\"3e31196\" data-element_type=\"widget\" data-settings=\"{&quot;_animation&quot;:&quot;fadeInUp&quot;}\" data-widget_type=\"text-editor.default\">\n\t\t\t\t<div class=\"elementor-widget-container\">\n\t\t\t\t\t\t\t\t\t<p class=\"p1\">Oder kontaktieren Sie uns unter:<\/p><p class=\"p1\"><a href=\"mailto:support@messages.tool4seller.com\">support@messages.tool4seller.com<\/a><\/p><p class=\"p1\">\/ <a style=\"background-color: #ffffff; font-family: var(--uicore-typography--p-f,;\" href=\"https:\/\/www.tool4seller.com\/de\/faqs\/faq-what-is-tool4seller.html\">Besuchen Sie das Hilfecenter<\/a><\/p>\t\t\t\t\t\t\t\t<\/div>\n\t\t\t\t<\/div>\n\t\t\t\t\t<\/div>\n\t\t<\/div>\n\t\t\t\t<div class=\"elementor-column elementor-col-50 elementor-top-column elementor-element elementor-element-89d656b\" data-id=\"89d656b\" data-element_type=\"column\">\n\t\t\t<div class=\"elementor-widget-wrap elementor-element-populated\">\n\t\t\t\t\t\t<div class=\"elementor-element elementor-element-47f6b4d elementor-widget elementor-widget-wpforms\" data-id=\"47f6b4d\" data-element_type=\"widget\" data-widget_type=\"wpforms.default\">\n\t\t\t\t<div class=\"elementor-widget-container\">\n\t\t\t\t\t<div class=\"wpforms-container wpforms-container-full\" id=\"wpforms-10256\"><form id=\"wpforms-form-10256\" class=\"wpforms-validate wpforms-form wpforms-ajax-form\" data-formid=\"10256\" method=\"post\" enctype=\"multipart\/form-data\" action=\"\/de\/wp-json\/wp\/v2\/pages\/2783?wpforms_form_id=10256\" data-token=\"4815f8d4a66be267abaed24304908273\"><noscript class=\"wpforms-error-noscript\">Please enable JavaScript in your browser to complete this form.<\/noscript><div class=\"wpforms-field-container\"><div id=\"wpforms-10256-field_4-container\" class=\"wpforms-field wpforms-field-name\" data-field-id=\"4\"><label class=\"wpforms-field-label\" for=\"wpforms-10256-field_4\">Vollst\u00e4ndiger Name <span class=\"wpforms-required-label\">*<\/span><\/label><input type=\"text\" id=\"wpforms-10256-field_4\" class=\"wpforms-field-large wpforms-field-required\" name=\"wpforms[fields][4]\" placeholder=\"Ihr Name\" required><\/div><div id=\"wpforms-10256-field_5-container\" class=\"wpforms-field wpforms-field-email\" data-field-id=\"5\"><label class=\"wpforms-field-label\" for=\"wpforms-10256-field_5\">E-Mail <span class=\"wpforms-required-label\">*<\/span><\/label><input type=\"email\" id=\"wpforms-10256-field_5\" class=\"wpforms-field-large wpforms-field-required\" name=\"wpforms[fields][5]\" placeholder=\"example@tool4seller.com\" required><\/div><div id=\"wpforms-10256-field_11-container\" class=\"wpforms-field wpforms-field-text\" data-field-id=\"11\"><label class=\"wpforms-field-label\" for=\"wpforms-10256-field_11\">Thema <span class=\"wpforms-required-label\">*<\/span><\/label><input type=\"text\" id=\"wpforms-10256-field_11\" class=\"wpforms-field-large wpforms-field-required\" name=\"wpforms[fields][11]\" placeholder=\"Ihr Betreff\" required><\/div><div id=\"wpforms-10256-field_9-container\" class=\"wpforms-field wpforms-field-textarea\" data-field-id=\"9\"><label class=\"wpforms-field-label\" for=\"wpforms-10256-field_9\">Ihre Nachricht <span class=\"wpforms-required-label\">*<\/span><\/label><textarea id=\"wpforms-10256-field_9\" class=\"wpforms-field-medium wpforms-field-required\" name=\"wpforms[fields][9]\" placeholder=\"Bitte geben Sie die Details Ihrer Anfrage ein. Ein Mitglied unseres Support-Teams wird so schnell wie m\u00f6glich antworten.\" required><\/textarea><\/div><div id=\"wpforms-10256-field_12-container\" class=\"wpforms-field wpforms-field-file-upload\" data-field-id=\"12\"><label class=\"wpforms-field-label\" for=\"wpforms-10256-field_12\">Anlagen (Optional)<\/label><div\n\t\tclass=\"wpforms-uploader\"\n\t\tdata-field-id=\"12\"\n\t\tdata-form-id=\"10256\"\n\t\tdata-input-name=\"wpforms_10256_12\"\n\t\tdata-extensions=\"jpg,jpeg,jpe,png,gif,webp,mov,qt,avif,avi,mpeg,mpg,mpe,3gp,3gpp,3g2,3gp2,mid,midi,pdf,doc,docx,docm,pot,pps,ppt,pptx,pptm,odt,ppsx,ppsm,xla,xls,xlt,xlw,xlsx,xlsm,xlsb,key,mp3,m4a,m4b,ogg,oga,flac,wav,mp4,m4v,webm,ogv,stl,psd,stp,woff,woff2,ttf,svg,eot,otf,json\"\n\t\tdata-max-size=\"8388608\"\n\t\tdata-max-file-number=\"3\"\n\t\tdata-post-max-size=\"8388608\"\n\t\tdata-max-parallel-uploads=\"4\"\n\t\tdata-parallel-uploads=\"true\"\n\t\tdata-file-chunk-size=\"2097152\">\n\t<div class=\"dz-message\">\n\t\t<svg viewBox=\"0 0 1024 1024\" focusable=\"false\" data-icon=\"inbox\" width=\"50px\" height=\"50px\" fill=\"#b1b1b1\" aria-hidden=\"true\">\n\t\t\t<path d=\"M885.2 446.3l-.2-.8-112.2-285.1c-5-16.1-19.9-27.2-36.8-27.2H281.2c-17 0-32.1 11.3-36.9 27.6L139.4 443l-.3.7-.2.8c-1.3 4.9-1.7 9.9-1 14.8-.1 1.6-.2 3.2-.2 4.8V830a60.9 60.9 0 0 0 60.8 60.8h627.2c33.5 0 60.8-27.3 60.9-60.8V464.1c0-1.3 0-2.6-.1-3.7.4-4.9 0-9.6-1.3-14.1zm-295.8-43l-.3 15.7c-.8 44.9-31.8 75.1-77.1 75.1-22.1 0-41.1-7.1-54.8-20.6S436 441.2 435.6 419l-.3-15.7H229.5L309 210h399.2l81.7 193.3H589.4zm-375 76.8h157.3c24.3 57.1 76 90.8 140.4 90.8 33.7 0 65-9.4 90.3-27.2 22.2-15.6 39.5-37.4 50.7-63.6h156.5V814H214.4V480.1z\"><\/path>\n\t\t<\/svg>\n\t\t<span class=\"modern-title\">Click or drag files to this area to upload.<\/span>\n\n\t\t\t\t\t<span class=\"modern-hint\">You can upload up to 3 files.<\/span>\n\t\t\t<\/div>\n<\/div>\n<input\n\t\ttype=\"text\"\n\t\tautocomplete=\"off\"\n\t\tclass=\"dropzone-input\"\n\t\tstyle=\"position:absolute!important;clip:rect(0,0,0,0)!important;height:1px!important;width:1px!important;border:0!important;overflow:hidden!important;padding:0!important;margin:0!important;\"\n\t\tid=\"wpforms-10256-field_12\"\n\t\tname=\"wpforms_10256_12\" \t\tvalue=\"\">\n<\/div><\/div><div class=\"wpforms-submit-container\"><input type=\"hidden\" name=\"wpforms[id]\" value=\"10256\"><input type=\"hidden\" name=\"wpforms[author]\" value=\"1\"><button type=\"submit\" name=\"wpforms[submit]\" id=\"wpforms-submit-10256\" class=\"wpforms-submit\" data-alt-text=\"Senden\" data-submit-text=\"Letzte Bestellungen\" aria-live=\"assertive\" value=\"wpforms-submit\">Letzte Bestellungen<\/button><img decoding=\"async\" src=\"https:\/\/www.tool4seller.com\/de\/wp-content\/plugins\/wpforms\/assets\/images\/submit-spin.svg\" class=\"wpforms-submit-spinner\" style=\"display: none;\" width=\"26\" height=\"26\" alt=\"\"><\/div><\/form><\/div>  <!-- .wpforms-container -->\t\t\t\t<\/div>\n\t\t\t\t<\/div>\n\t\t\t\t\t<\/div>\n\t\t<\/div>\n\t\t\t\t\t<\/div>\n\t\t<\/section>\n\t\t\t\t<\/div>\n\t\t","protected":false},"excerpt":{"rendered":"<p>Kontaktieren Sie uns: Tool4seller m\u00f6chte Verk\u00e4ufern dabei helfen, ein erfolgreiches Gesch\u00e4ft auf Amazon aufzubauen. Je mehr Details Sie uns geben k\u00f6nnen, desto [&hellip;]<\/p>\n","protected":false},"author":1,"featured_media":0,"parent":0,"menu_order":0,"comment_status":"closed","ping_status":"closed","template":"","meta":[],"class_list":["post-2783","page","type-page","status-publish","hentry"],"yoast_head":"<!-- This site is optimized with the Yoast SEO plugin v25.9 - https:\/\/yoast.com\/wordpress\/plugins\/seo\/ -->\n<title>Contact Support - tool4seller \u2013 Amazon-Verk\u00e4ufertool<\/title>\n<meta name=\"description\" content=\"Tool4sellers ist ein n\u00fctzliches Amazonseller-Toolkit. Wenden Sie sich an das Kundendienstteam von tool4seller unter der Kontakt-E-Mail-Adresse support@tool4seller.com.\" \/>\n<meta name=\"robots\" content=\"index, follow, max-snippet:-1, max-image-preview:large, max-video-preview:-1\" \/>\n<link rel=\"canonical\" href=\"https:\/\/www.tool4seller.com\/de\/contact-support.html\" \/>\n<meta property=\"og:locale\" content=\"en_US\" \/>\n<meta property=\"og:type\" content=\"article\" \/>\n<meta property=\"og:title\" content=\"Contact Support - tool4seller \u2013 Amazon-Verk\u00e4ufertool\" \/>\n<meta property=\"og:description\" content=\"Tool4sellers ist ein n\u00fctzliches Amazonseller-Toolkit. Wenden Sie sich an das Kundendienstteam von tool4seller unter der Kontakt-E-Mail-Adresse support@tool4seller.com.\" \/>\n<meta property=\"og:url\" content=\"https:\/\/www.tool4seller.com\/de\/contact-support.html\" \/>\n<meta property=\"og:site_name\" content=\"tool4seller \u2013 Amazon-Verk\u00e4ufertool\" \/>\n<meta property=\"article:modified_time\" content=\"2024-07-02T09:24:17+00:00\" \/>\n<meta property=\"og:image\" content=\"https:\/\/www.tool4seller.com\/de\/wp-content\/uploads\/sites\/6\/2021\/12\/Sent-messages-_Flatline.png\" \/>\n<meta name=\"twitter:card\" content=\"summary_large_image\" \/>\n<meta name=\"twitter:label1\" content=\"Est. reading time\" \/>\n\t<meta name=\"twitter:data1\" content=\"1 minute\" \/>\n<script type=\"application\/ld+json\" class=\"yoast-schema-graph\">{\"@context\":\"https:\/\/schema.org\",\"@graph\":[{\"@type\":\"WebPage\",\"@id\":\"https:\/\/www.tool4seller.com\/de\/contact-support.html\",\"url\":\"https:\/\/www.tool4seller.com\/de\/contact-support.html\",\"name\":\"Contact Support - tool4seller \u2013 Amazon-Verk\u00e4ufertool\",\"isPartOf\":{\"@id\":\"https:\/\/www.tool4seller.com\/de\/#website\"},\"primaryImageOfPage\":{\"@id\":\"https:\/\/www.tool4seller.com\/de\/contact-support.html#primaryimage\"},\"image\":{\"@id\":\"https:\/\/www.tool4seller.com\/de\/contact-support.html#primaryimage\"},\"thumbnailUrl\":\"https:\/\/www.tool4seller.com\/de\/wp-content\/uploads\/sites\/6\/2021\/12\/Sent-messages-_Flatline.png\",\"datePublished\":\"2021-12-02T09:01:26+00:00\",\"dateModified\":\"2024-07-02T09:24:17+00:00\",\"description\":\"Tool4sellers ist ein n\u00fctzliches Amazonseller-Toolkit. Wenden Sie sich an das Kundendienstteam von tool4seller unter der Kontakt-E-Mail-Adresse support@tool4seller.com.\",\"breadcrumb\":{\"@id\":\"https:\/\/www.tool4seller.com\/de\/contact-support.html#breadcrumb\"},\"inLanguage\":\"en-US\",\"potentialAction\":[{\"@type\":\"ReadAction\",\"target\":[\"https:\/\/www.tool4seller.com\/de\/contact-support.html\"]}]},{\"@type\":\"ImageObject\",\"inLanguage\":\"en-US\",\"@id\":\"https:\/\/www.tool4seller.com\/de\/contact-support.html#primaryimage\",\"url\":\"https:\/\/www.tool4seller.com\/de\/wp-content\/uploads\/sites\/6\/2021\/12\/Sent-messages-_Flatline.png\",\"contentUrl\":\"https:\/\/www.tool4seller.com\/de\/wp-content\/uploads\/sites\/6\/2021\/12\/Sent-messages-_Flatline.png\",\"width\":500,\"height\":500},{\"@type\":\"BreadcrumbList\",\"@id\":\"https:\/\/www.tool4seller.com\/de\/contact-support.html#breadcrumb\",\"itemListElement\":[{\"@type\":\"ListItem\",\"position\":1,\"name\":\"Home\",\"item\":\"https:\/\/www.tool4seller.com\/de\/\"},{\"@type\":\"ListItem\",\"position\":2,\"name\":\"Contact Support\"}]},{\"@type\":\"WebSite\",\"@id\":\"https:\/\/www.tool4seller.com\/de\/#website\",\"url\":\"https:\/\/www.tool4seller.com\/de\/\",\"name\":\"tool4seller \u2013 Amazon-Verk\u00e4ufertool\",\"description\":\"Eine leistungsstarke Datenanalyse- und PPC-Optimierungssoftware f\u00fcr Amazon-Verk\u00e4ufer.\",\"potentialAction\":[{\"@type\":\"SearchAction\",\"target\":{\"@type\":\"EntryPoint\",\"urlTemplate\":\"https:\/\/www.tool4seller.com\/de\/?s={search_term_string}\"},\"query-input\":{\"@type\":\"PropertyValueSpecification\",\"valueRequired\":true,\"valueName\":\"search_term_string\"}}],\"inLanguage\":\"en-US\"}]}<\/script>\n<!-- \/ Yoast SEO plugin. -->","yoast_head_json":{"title":"Contact Support - tool4seller \u2013 Amazon-Verk\u00e4ufertool","description":"Tool4sellers ist ein n\u00fctzliches Amazonseller-Toolkit. Wenden Sie sich an das Kundendienstteam von tool4seller unter der Kontakt-E-Mail-Adresse support@tool4seller.com.","robots":{"index":"index","follow":"follow","max-snippet":"max-snippet:-1","max-image-preview":"max-image-preview:large","max-video-preview":"max-video-preview:-1"},"canonical":"https:\/\/www.tool4seller.com\/de\/contact-support.html","og_locale":"en_US","og_type":"article","og_title":"Contact Support - tool4seller \u2013 Amazon-Verk\u00e4ufertool","og_description":"Tool4sellers ist ein n\u00fctzliches Amazonseller-Toolkit. Wenden Sie sich an das Kundendienstteam von tool4seller unter der Kontakt-E-Mail-Adresse support@tool4seller.com.","og_url":"https:\/\/www.tool4seller.com\/de\/contact-support.html","og_site_name":"tool4seller \u2013 Amazon-Verk\u00e4ufertool","article_modified_time":"2024-07-02T09:24:17+00:00","og_image":[{"url":"https:\/\/www.tool4seller.com\/de\/wp-content\/uploads\/sites\/6\/2021\/12\/Sent-messages-_Flatline.png","type":"","width":"","height":""}],"twitter_card":"summary_large_image","twitter_misc":{"Est. reading time":"1 minute"},"schema":{"@context":"https:\/\/schema.org","@graph":[{"@type":"WebPage","@id":"https:\/\/www.tool4seller.com\/de\/contact-support.html","url":"https:\/\/www.tool4seller.com\/de\/contact-support.html","name":"Contact Support - tool4seller \u2013 Amazon-Verk\u00e4ufertool","isPartOf":{"@id":"https:\/\/www.tool4seller.com\/de\/#website"},"primaryImageOfPage":{"@id":"https:\/\/www.tool4seller.com\/de\/contact-support.html#primaryimage"},"image":{"@id":"https:\/\/www.tool4seller.com\/de\/contact-support.html#primaryimage"},"thumbnailUrl":"https:\/\/www.tool4seller.com\/de\/wp-content\/uploads\/sites\/6\/2021\/12\/Sent-messages-_Flatline.png","datePublished":"2021-12-02T09:01:26+00:00","dateModified":"2024-07-02T09:24:17+00:00","description":"Tool4sellers ist ein n\u00fctzliches Amazonseller-Toolkit. Wenden Sie sich an das Kundendienstteam von tool4seller unter der Kontakt-E-Mail-Adresse support@tool4seller.com.","breadcrumb":{"@id":"https:\/\/www.tool4seller.com\/de\/contact-support.html#breadcrumb"},"inLanguage":"en-US","potentialAction":[{"@type":"ReadAction","target":["https:\/\/www.tool4seller.com\/de\/contact-support.html"]}]},{"@type":"ImageObject","inLanguage":"en-US","@id":"https:\/\/www.tool4seller.com\/de\/contact-support.html#primaryimage","url":"https:\/\/www.tool4seller.com\/de\/wp-content\/uploads\/sites\/6\/2021\/12\/Sent-messages-_Flatline.png","contentUrl":"https:\/\/www.tool4seller.com\/de\/wp-content\/uploads\/sites\/6\/2021\/12\/Sent-messages-_Flatline.png","width":500,"height":500},{"@type":"BreadcrumbList","@id":"https:\/\/www.tool4seller.com\/de\/contact-support.html#breadcrumb","itemListElement":[{"@type":"ListItem","position":1,"name":"Home","item":"https:\/\/www.tool4seller.com\/de\/"},{"@type":"ListItem","position":2,"name":"Contact Support"}]},{"@type":"WebSite","@id":"https:\/\/www.tool4seller.com\/de\/#website","url":"https:\/\/www.tool4seller.com\/de\/","name":"tool4seller \u2013 Amazon-Verk\u00e4ufertool","description":"Eine leistungsstarke Datenanalyse- und PPC-Optimierungssoftware f\u00fcr Amazon-Verk\u00e4ufer.","potentialAction":[{"@type":"SearchAction","target":{"@type":"EntryPoint","urlTemplate":"https:\/\/www.tool4seller.com\/de\/?s={search_term_string}"},"query-input":{"@type":"PropertyValueSpecification","valueRequired":true,"valueName":"search_term_string"}}],"inLanguage":"en-US"}]}},"_links":{"self":[{"href":"https:\/\/www.tool4seller.com\/de\/wp-json\/wp\/v2\/pages\/2783","targetHints":{"allow":["GET"]}}],"collection":[{"href":"https:\/\/www.tool4seller.com\/de\/wp-json\/wp\/v2\/pages"}],"about":[{"href":"https:\/\/www.tool4seller.com\/de\/wp-json\/wp\/v2\/types\/page"}],"author":[{"embeddable":true,"href":"https:\/\/www.tool4seller.com\/de\/wp-json\/wp\/v2\/users\/1"}],"replies":[{"embeddable":true,"href":"https:\/\/www.tool4seller.com\/de\/wp-json\/wp\/v2\/comments?post=2783"}],"version-history":[{"count":0,"href":"https:\/\/www.tool4seller.com\/de\/wp-json\/wp\/v2\/pages\/2783\/revisions"}],"wp:attachment":[{"href":"https:\/\/www.tool4seller.com\/de\/wp-json\/wp\/v2\/media?parent=2783"}],"curies":[{"name":"wp","href":"https:\/\/api.w.org\/{rel}","templated":true}]}}