{"id":2016,"date":"2021-11-25T13:31:54","date_gmt":"2021-11-25T13:31:54","guid":{"rendered":"https:\/\/www.tool4seller.com\/de\/?page_id=2016"},"modified":"2024-01-02T07:12:52","modified_gmt":"2024-01-02T07:12:52","slug":"about-us","status":"publish","type":"page","link":"https:\/\/www.tool4seller.com\/de\/about-us.html","title":{"rendered":"About Us"},"content":{"rendered":"\t\t<div data-elementor-type=\"wp-page\" data-elementor-id=\"2016\" class=\"elementor elementor-2016\" data-elementor-settings=\"{&quot;element_pack_global_tooltip_width&quot;:{&quot;unit&quot;:&quot;px&quot;,&quot;size&quot;:&quot;&quot;,&quot;sizes&quot;:[]},&quot;element_pack_global_tooltip_width_tablet&quot;:{&quot;unit&quot;:&quot;px&quot;,&quot;size&quot;:&quot;&quot;,&quot;sizes&quot;:[]},&quot;element_pack_global_tooltip_width_mobile&quot;:{&quot;unit&quot;:&quot;px&quot;,&quot;size&quot;:&quot;&quot;,&quot;sizes&quot;:[]},&quot;element_pack_global_tooltip_padding&quot;:{&quot;unit&quot;:&quot;px&quot;,&quot;top&quot;:&quot;&quot;,&quot;right&quot;:&quot;&quot;,&quot;bottom&quot;:&quot;&quot;,&quot;left&quot;:&quot;&quot;,&quot;isLinked&quot;:true},&quot;element_pack_global_tooltip_padding_tablet&quot;:{&quot;unit&quot;:&quot;px&quot;,&quot;top&quot;:&quot;&quot;,&quot;right&quot;:&quot;&quot;,&quot;bottom&quot;:&quot;&quot;,&quot;left&quot;:&quot;&quot;,&quot;isLinked&quot;:true},&quot;element_pack_global_tooltip_padding_mobile&quot;:{&quot;unit&quot;:&quot;px&quot;,&quot;top&quot;:&quot;&quot;,&quot;right&quot;:&quot;&quot;,&quot;bottom&quot;:&quot;&quot;,&quot;left&quot;:&quot;&quot;,&quot;isLinked&quot;:true},&quot;element_pack_global_tooltip_border_radius&quot;:{&quot;unit&quot;:&quot;px&quot;,&quot;top&quot;:&quot;&quot;,&quot;right&quot;:&quot;&quot;,&quot;bottom&quot;:&quot;&quot;,&quot;left&quot;:&quot;&quot;,&quot;isLinked&quot;:true},&quot;element_pack_global_tooltip_border_radius_tablet&quot;:{&quot;unit&quot;:&quot;px&quot;,&quot;top&quot;:&quot;&quot;,&quot;right&quot;:&quot;&quot;,&quot;bottom&quot;:&quot;&quot;,&quot;left&quot;:&quot;&quot;,&quot;isLinked&quot;:true},&quot;element_pack_global_tooltip_border_radius_mobile&quot;:{&quot;unit&quot;:&quot;px&quot;,&quot;top&quot;:&quot;&quot;,&quot;right&quot;:&quot;&quot;,&quot;bottom&quot;:&quot;&quot;,&quot;left&quot;:&quot;&quot;,&quot;isLinked&quot;:true}}\" data-elementor-post-type=\"page\">\n\t\t\t\t\t\t<section class=\"elementor-section elementor-top-section elementor-element elementor-element-2fce095 elementor-section-boxed elementor-section-height-default elementor-section-height-default\" data-id=\"2fce095\" data-element_type=\"section\">\n\t\t\t\t\t\t<div class=\"elementor-container elementor-column-gap-default\">\n\t\t\t\t\t<div class=\"elementor-column elementor-col-100 elementor-top-column elementor-element elementor-element-54086bb\" data-id=\"54086bb\" data-element_type=\"column\">\n\t\t\t<div class=\"elementor-widget-wrap elementor-element-populated\">\n\t\t\t\t\t\t<div class=\"elementor-element elementor-element-55a20b6e elementor-invisible elementor-widget elementor-widget-heading\" data-id=\"55a20b6e\" data-element_type=\"widget\" data-settings=\"{&quot;_animation&quot;:&quot;fadeInUp&quot;}\" data-widget_type=\"heading.default\">\n\t\t\t\t<div class=\"elementor-widget-container\">\n\t\t\t\t\t<h2 class=\"elementor-heading-title elementor-size-default\">\u00dcber uns<\/h2>\t\t\t\t<\/div>\n\t\t\t\t<\/div>\n\t\t\t\t<div class=\"elementor-element elementor-element-6d911c38 elementor-invisible elementor-widget elementor-widget-text-editor\" data-id=\"6d911c38\" data-element_type=\"widget\" data-settings=\"{&quot;_animation&quot;:&quot;fadeInUp&quot;,&quot;_animation_delay&quot;:500}\" data-widget_type=\"text-editor.default\">\n\t\t\t\t<div class=\"elementor-widget-container\">\n\t\t\t\t\t\t\t\t\t<p>Der weltweite E-Commerce-Markt w\u00e4chst weiterhin mit einer gesunden und schnellen Rate, insbesondere was das Volumen der Online-Verk\u00e4ufe sowie die Expansion der Online-Verk\u00e4ufer, insbesondere bei Amazon, betrifft. Unsere Untersuchungen zeigen, dass die Datenl\u00f6sungen von Amazon nicht die Bed\u00fcrfnisse aller Amazon-Verk\u00e4ufer erf\u00fcllen k\u00f6nnen, da sie mit unterschiedlichem Fachwissen und unterschiedlichen Datenkenntnissen in den Markt eingetreten sind. Mit dem Optimismus hinsichtlich der Zukunft des Marktes von Amazon haben wir tool4seller entwickelt, eine leistungsstarke Business-Intelligence-Software, die die Bed\u00fcrfnisse der Amazon-Verk\u00e4ufer wirklich erf\u00fcllt.<\/p><p>tool4sellers macht Daten umfassender, intuitiver und leichter verst\u00e4ndlich, wodurch die Probleme gel\u00f6st werden, die Verk\u00e4ufer mit dem Daten-Support von Amazon hatten. Durch die Integration mit der Amazon MWA API und der offiziellen Amazon-Website gew\u00e4hrleisten wir die Integrit\u00e4t und Genauigkeit der Daten, die wir sammeln. Durch die Datenanalyse und -verarbeitung in unserem Intelligenzsystem liefern wir Ihnen visualisierte Verkaufsdaten und massgeschneiderte Verkaufsstrategien, die Sie ben\u00f6tigen, um sich von der Konkurrenz abzuheben.<\/p><p>Die automatisierte Business-Intelligence-Plattform tool4seller hilft Ihnen, jede Menge Zeit bei der Datenerfassung und -analyse zu sparen und zum richtigen Zeitpunkt die richtigen Verkaufsentscheidungen zu treffen. Werden Sie Teil von tool4seller und werden Sie ein Top-Verk\u00e4ufer bei Amazon!<\/p>\t\t\t\t\t\t\t\t<\/div>\n\t\t\t\t<\/div>\n\t\t\t\t\t<\/div>\n\t\t<\/div>\n\t\t\t\t\t<\/div>\n\t\t<\/section>\n\t\t\t\t<section class=\"elementor-section elementor-top-section elementor-element elementor-element-6f4d53b5 elementor-section-boxed elementor-section-height-default elementor-section-height-default\" data-id=\"6f4d53b5\" data-element_type=\"section\" data-settings=\"{&quot;background_background&quot;:&quot;classic&quot;}\">\n\t\t\t\t\t\t<div class=\"elementor-container elementor-column-gap-default\">\n\t\t\t\t\t<div class=\"elementor-column elementor-col-100 elementor-top-column elementor-element elementor-element-6d51ff6a\" data-id=\"6d51ff6a\" data-element_type=\"column\">\n\t\t\t<div class=\"elementor-widget-wrap elementor-element-populated\">\n\t\t\t\t\t\t<div class=\"elementor-element elementor-element-5dd1399a elementor-invisible elementor-widget elementor-widget-heading\" data-id=\"5dd1399a\" data-element_type=\"widget\" data-settings=\"{&quot;_animation&quot;:&quot;fadeInUp&quot;,&quot;_animation_delay&quot;:200}\" data-widget_type=\"heading.default\">\n\t\t\t\t<div class=\"elementor-widget-container\">\n\t\t\t\t\t<h2 class=\"elementor-heading-title elementor-size-default\">Unsere B\u00fcrostandorte:<\/h2>\t\t\t\t<\/div>\n\t\t\t\t<\/div>\n\t\t\t\t<section class=\"elementor-section elementor-inner-section elementor-element elementor-element-a23cdbe elementor-section-boxed elementor-section-height-default elementor-section-height-default\" data-id=\"a23cdbe\" data-element_type=\"section\">\n\t\t\t\t\t\t<div class=\"elementor-container elementor-column-gap-default\">\n\t\t\t\t\t<div class=\"elementor-column elementor-col-50 elementor-inner-column elementor-element elementor-element-f540da1\" data-id=\"f540da1\" data-element_type=\"column\">\n\t\t\t<div class=\"elementor-widget-wrap elementor-element-populated\">\n\t\t\t\t\t\t<div class=\"elementor-element elementor-element-5eaf136c elementor-invisible elementor-widget elementor-widget-text-editor\" data-id=\"5eaf136c\" data-element_type=\"widget\" data-settings=\"{&quot;_animation&quot;:&quot;fadeInUp&quot;,&quot;_animation_delay&quot;:300}\" data-widget_type=\"text-editor.default\">\n\t\t\t\t<div class=\"elementor-widget-container\">\n\t\t\t\t\t\t\t\t\t<h3><span style=\"color: var(--uicore-typography--h3-c,&quot;#070707&quot;); font-family: var(--uicore-typography--h3-f,&quot;Inter&quot;); font-size: var(--uicore-typography--h3-s,&quot;10px&quot;); font-style: var(--uicore-typography--h3-st,&quot;normal&quot;); font-weight: var(--uicore-typography--h3-w,&quot;600&quot;); letter-spacing: var(--uicore-typography--h3-ls,&quot;-0.027em&quot;); text-transform: var(--uicore-typography--h3-t,&quot;none&quot;); background-color: var( --e-global-color-uicore_light );\">Canada\uff08Vancouver\uff09<\/span><br><\/h3>\n<p style=\"font-size: 15px;\">5 East 8th Ave.Vancouver BC V5T 1R6<\/p>\n<p><span style=\"font-size: inherit; background-color: var( --e-global-color-uicore_light ); color: var(--uicore-typography--p-c,;\">Tel: (1-604)879-8861<br><\/span><\/p>\t\t\t\t\t\t\t\t<\/div>\n\t\t\t\t<\/div>\n\t\t\t\t\t<\/div>\n\t\t<\/div>\n\t\t\t\t<div class=\"elementor-column elementor-col-50 elementor-inner-column elementor-element elementor-element-18e3497\" data-id=\"18e3497\" data-element_type=\"column\">\n\t\t\t<div class=\"elementor-widget-wrap\">\n\t\t\t\t\t\t\t<\/div>\n\t\t<\/div>\n\t\t\t\t\t<\/div>\n\t\t<\/section>\n\t\t\t\t<div class=\"elementor-element elementor-element-70aa9a7 elementor-widget elementor-widget-google_maps\" data-id=\"70aa9a7\" data-element_type=\"widget\" data-widget_type=\"google_maps.default\">\n\t\t\t\t<div class=\"elementor-widget-container\">\n\t\t\t\t\t\t\t<div class=\"elementor-custom-embed\">\n\t\t\t<iframe loading=\"lazy\"\n\t\t\t\t\tsrc=\"https:\/\/maps.google.com\/maps?q=5%20East%208th%20Ave.Vancouver%20BC%20V5T%201R6&#038;t=m&#038;z=10&#038;output=embed&#038;iwloc=near\"\n\t\t\t\t\ttitle=\"5 East 8th Ave.Vancouver BC V5T 1R6\"\n\t\t\t\t\taria-label=\"5 East 8th Ave.Vancouver BC V5T 1R6\"\n\t\t\t><\/iframe>\n\t\t<\/div>\n\t\t\t\t\t\t<\/div>\n\t\t\t\t<\/div>\n\t\t\t\t\t<\/div>\n\t\t<\/div>\n\t\t\t\t\t<\/div>\n\t\t<\/section>\n\t\t\t\t<\/div>\n\t\t","protected":false},"excerpt":{"rendered":"<p>\u00dcber uns Der weltweite E-Commerce-Markt w\u00e4chst weiterhin mit einer gesunden und schnellen Rate, insbesondere was das Volumen der Online-Verk\u00e4ufe sowie die Expansion [&hellip;]<\/p>\n","protected":false},"author":1,"featured_media":0,"parent":0,"menu_order":0,"comment_status":"closed","ping_status":"closed","template":"","meta":[],"class_list":["post-2016","page","type-page","status-publish","hentry"],"yoast_head":"<!-- This site is optimized with the Yoast SEO plugin v25.9 - https:\/\/yoast.com\/wordpress\/plugins\/seo\/ -->\n<title>About Us - tool4seller \u2013 Amazon-Verk\u00e4ufertool<\/title>\n<meta name=\"description\" content=\"The most advanced and useful Amazon seller tools with various features aim to help Amazon sellers to achieve the successful on Amazon.\" \/>\n<meta name=\"robots\" content=\"index, follow, max-snippet:-1, max-image-preview:large, max-video-preview:-1\" \/>\n<link rel=\"canonical\" href=\"https:\/\/www.tool4seller.com\/de\/about-us.html\" \/>\n<meta property=\"og:locale\" content=\"en_US\" \/>\n<meta property=\"og:type\" content=\"article\" \/>\n<meta property=\"og:title\" content=\"About Us - tool4seller \u2013 Amazon-Verk\u00e4ufertool\" \/>\n<meta property=\"og:description\" content=\"The most advanced and useful Amazon seller tools with various features aim to help Amazon sellers to achieve the successful on Amazon.\" \/>\n<meta property=\"og:url\" content=\"https:\/\/www.tool4seller.com\/de\/about-us.html\" \/>\n<meta property=\"og:site_name\" content=\"tool4seller \u2013 Amazon-Verk\u00e4ufertool\" \/>\n<meta property=\"article:modified_time\" content=\"2024-01-02T07:12:52+00:00\" \/>\n<meta name=\"twitter:card\" content=\"summary_large_image\" \/>\n<meta name=\"twitter:label1\" content=\"Est. reading time\" \/>\n\t<meta name=\"twitter:data1\" content=\"1 minute\" \/>\n<script type=\"application\/ld+json\" class=\"yoast-schema-graph\">{\"@context\":\"https:\/\/schema.org\",\"@graph\":[{\"@type\":\"WebPage\",\"@id\":\"https:\/\/www.tool4seller.com\/de\/about-us.html\",\"url\":\"https:\/\/www.tool4seller.com\/de\/about-us.html\",\"name\":\"About Us - tool4seller \u2013 Amazon-Verk\u00e4ufertool\",\"isPartOf\":{\"@id\":\"https:\/\/www.tool4seller.com\/de\/#website\"},\"datePublished\":\"2021-11-25T13:31:54+00:00\",\"dateModified\":\"2024-01-02T07:12:52+00:00\",\"description\":\"The most advanced and useful Amazon seller tools with various features aim to help Amazon sellers to achieve the successful on Amazon.\",\"breadcrumb\":{\"@id\":\"https:\/\/www.tool4seller.com\/de\/about-us.html#breadcrumb\"},\"inLanguage\":\"en-US\",\"potentialAction\":[{\"@type\":\"ReadAction\",\"target\":[\"https:\/\/www.tool4seller.com\/de\/about-us.html\"]}]},{\"@type\":\"BreadcrumbList\",\"@id\":\"https:\/\/www.tool4seller.com\/de\/about-us.html#breadcrumb\",\"itemListElement\":[{\"@type\":\"ListItem\",\"position\":1,\"name\":\"Home\",\"item\":\"https:\/\/www.tool4seller.com\/de\/\"},{\"@type\":\"ListItem\",\"position\":2,\"name\":\"About Us\"}]},{\"@type\":\"WebSite\",\"@id\":\"https:\/\/www.tool4seller.com\/de\/#website\",\"url\":\"https:\/\/www.tool4seller.com\/de\/\",\"name\":\"tool4seller \u2013 Amazon-Verk\u00e4ufertool\",\"description\":\"Eine leistungsstarke Datenanalyse- und PPC-Optimierungssoftware f\u00fcr Amazon-Verk\u00e4ufer.\",\"potentialAction\":[{\"@type\":\"SearchAction\",\"target\":{\"@type\":\"EntryPoint\",\"urlTemplate\":\"https:\/\/www.tool4seller.com\/de\/?s={search_term_string}\"},\"query-input\":{\"@type\":\"PropertyValueSpecification\",\"valueRequired\":true,\"valueName\":\"search_term_string\"}}],\"inLanguage\":\"en-US\"}]}<\/script>\n<!-- \/ Yoast SEO plugin. -->","yoast_head_json":{"title":"About Us - tool4seller \u2013 Amazon-Verk\u00e4ufertool","description":"The most advanced and useful Amazon seller tools with various features aim to help Amazon sellers to achieve the successful on Amazon.","robots":{"index":"index","follow":"follow","max-snippet":"max-snippet:-1","max-image-preview":"max-image-preview:large","max-video-preview":"max-video-preview:-1"},"canonical":"https:\/\/www.tool4seller.com\/de\/about-us.html","og_locale":"en_US","og_type":"article","og_title":"About Us - tool4seller \u2013 Amazon-Verk\u00e4ufertool","og_description":"The most advanced and useful Amazon seller tools with various features aim to help Amazon sellers to achieve the successful on Amazon.","og_url":"https:\/\/www.tool4seller.com\/de\/about-us.html","og_site_name":"tool4seller \u2013 Amazon-Verk\u00e4ufertool","article_modified_time":"2024-01-02T07:12:52+00:00","twitter_card":"summary_large_image","twitter_misc":{"Est. reading time":"1 minute"},"schema":{"@context":"https:\/\/schema.org","@graph":[{"@type":"WebPage","@id":"https:\/\/www.tool4seller.com\/de\/about-us.html","url":"https:\/\/www.tool4seller.com\/de\/about-us.html","name":"About Us - tool4seller \u2013 Amazon-Verk\u00e4ufertool","isPartOf":{"@id":"https:\/\/www.tool4seller.com\/de\/#website"},"datePublished":"2021-11-25T13:31:54+00:00","dateModified":"2024-01-02T07:12:52+00:00","description":"The most advanced and useful Amazon seller tools with various features aim to help Amazon sellers to achieve the successful on Amazon.","breadcrumb":{"@id":"https:\/\/www.tool4seller.com\/de\/about-us.html#breadcrumb"},"inLanguage":"en-US","potentialAction":[{"@type":"ReadAction","target":["https:\/\/www.tool4seller.com\/de\/about-us.html"]}]},{"@type":"BreadcrumbList","@id":"https:\/\/www.tool4seller.com\/de\/about-us.html#breadcrumb","itemListElement":[{"@type":"ListItem","position":1,"name":"Home","item":"https:\/\/www.tool4seller.com\/de\/"},{"@type":"ListItem","position":2,"name":"About Us"}]},{"@type":"WebSite","@id":"https:\/\/www.tool4seller.com\/de\/#website","url":"https:\/\/www.tool4seller.com\/de\/","name":"tool4seller \u2013 Amazon-Verk\u00e4ufertool","description":"Eine leistungsstarke Datenanalyse- und PPC-Optimierungssoftware f\u00fcr Amazon-Verk\u00e4ufer.","potentialAction":[{"@type":"SearchAction","target":{"@type":"EntryPoint","urlTemplate":"https:\/\/www.tool4seller.com\/de\/?s={search_term_string}"},"query-input":{"@type":"PropertyValueSpecification","valueRequired":true,"valueName":"search_term_string"}}],"inLanguage":"en-US"}]}},"_links":{"self":[{"href":"https:\/\/www.tool4seller.com\/de\/wp-json\/wp\/v2\/pages\/2016","targetHints":{"allow":["GET"]}}],"collection":[{"href":"https:\/\/www.tool4seller.com\/de\/wp-json\/wp\/v2\/pages"}],"about":[{"href":"https:\/\/www.tool4seller.com\/de\/wp-json\/wp\/v2\/types\/page"}],"author":[{"embeddable":true,"href":"https:\/\/www.tool4seller.com\/de\/wp-json\/wp\/v2\/users\/1"}],"replies":[{"embeddable":true,"href":"https:\/\/www.tool4seller.com\/de\/wp-json\/wp\/v2\/comments?post=2016"}],"version-history":[{"count":0,"href":"https:\/\/www.tool4seller.com\/de\/wp-json\/wp\/v2\/pages\/2016\/revisions"}],"wp:attachment":[{"href":"https:\/\/www.tool4seller.com\/de\/wp-json\/wp\/v2\/media?parent=2016"}],"curies":[{"name":"wp","href":"https:\/\/api.w.org\/{rel}","templated":true}]}}